{"id":1695,"date":"2020-10-29T12:56:01","date_gmt":"2020-10-29T12:56:01","guid":{"rendered":"https:\/\/mktmakeover.com\/?page_id=1695"},"modified":"2025-12-16T18:38:33","modified_gmt":"2025-12-16T18:38:33","slug":"contact","status":"publish","type":"page","link":"https:\/\/mktmakeover.com\/pt\/contact\/","title":{"rendered":"Contato"},"content":{"rendered":"<div data-elementor-type=\"wp-page\" data-elementor-id=\"1695\" class=\"elementor elementor-1695\">\n\t\t\t\t\t\t<section class=\"elementor-section elementor-top-section elementor-element elementor-element-f1a9ea2 elementor-section-height-min-height elementor-section-items-bottom elementor-section-boxed elementor-section-height-default wpr-particle-no wpr-jarallax-no wpr-parallax-no wpr-sticky-section-no wpr-equal-height-no\" data-id=\"f1a9ea2\" data-element_type=\"section\" data-e-type=\"section\" data-settings=\"{&quot;background_background&quot;:&quot;classic&quot;}\">\n\t\t\t\t\t\t\t<div class=\"elementor-background-overlay\"><\/div>\n\t\t\t\t\t\t\t<div class=\"elementor-container elementor-column-gap-no\">\n\t\t\t\t\t<div class=\"elementor-column elementor-col-50 elementor-top-column elementor-element elementor-element-4def1a2\" data-id=\"4def1a2\" data-element_type=\"column\" data-e-type=\"column\" data-settings=\"{&quot;background_background&quot;:&quot;classic&quot;}\">\n\t\t\t<div class=\"elementor-widget-wrap elementor-element-populated\">\n\t\t\t\t\t\t<div class=\"elementor-element elementor-element-ca1b76e elementor-widget-divider--view-line elementor-widget elementor-widget-divider\" data-id=\"ca1b76e\" data-element_type=\"widget\" data-e-type=\"widget\" data-widget_type=\"divider.default\">\n\t\t\t\t<div class=\"elementor-widget-container\">\n\t\t\t\t\t\t\t<div class=\"elementor-divider\">\n\t\t\t<span class=\"elementor-divider-separator\">\n\t\t\t\t\t\t<\/span>\n\t\t<\/div>\n\t\t\t\t\t\t<\/div>\n\t\t\t\t<\/div>\n\t\t\t\t\t<\/div>\n\t\t<\/div>\n\t\t\t\t<div class=\"elementor-column elementor-col-50 elementor-top-column elementor-element elementor-element-962d242\" data-id=\"962d242\" data-element_type=\"column\" data-e-type=\"column\">\n\t\t\t<div class=\"elementor-widget-wrap elementor-element-populated\">\n\t\t\t\t\t\t<div class=\"elementor-element elementor-element-5adc292 elementor-widget elementor-widget-heading\" data-id=\"5adc292\" data-element_type=\"widget\" data-e-type=\"widget\" data-widget_type=\"heading.default\">\n\t\t\t\t<div class=\"elementor-widget-container\">\n\t\t\t\t\t<h1 class=\"elementor-heading-title elementor-size-default\">Contato<\/h1>\t\t\t\t<\/div>\n\t\t\t\t<\/div>\n\t\t\t\t\t<\/div>\n\t\t<\/div>\n\t\t\t\t\t<\/div>\n\t\t<\/section>\n\t\t\t\t<section class=\"elementor-section elementor-top-section elementor-element elementor-element-6e9398e elementor-section-boxed elementor-section-height-default elementor-section-height-default wpr-particle-no wpr-jarallax-no wpr-parallax-no wpr-sticky-section-no wpr-equal-height-no\" data-id=\"6e9398e\" data-element_type=\"section\" data-e-type=\"section\">\n\t\t\t\t\t\t<div class=\"elementor-container elementor-column-gap-no\">\n\t\t\t\t\t<div class=\"elementor-column elementor-col-50 elementor-top-column elementor-element elementor-element-60ef23e\" data-id=\"60ef23e\" data-element_type=\"column\" data-e-type=\"column\">\n\t\t\t<div class=\"elementor-widget-wrap elementor-element-populated\">\n\t\t\t\t\t\t<div class=\"elementor-element elementor-element-d7ed77b elementor-widget elementor-widget-heading\" data-id=\"d7ed77b\" data-element_type=\"widget\" data-e-type=\"widget\" data-widget_type=\"heading.default\">\n\t\t\t\t<div class=\"elementor-widget-container\">\n\t\t\t\t\t<h6 class=\"elementor-heading-title elementor-size-default\">01<\/h6>\t\t\t\t<\/div>\n\t\t\t\t<\/div>\n\t\t\t\t<div class=\"elementor-element elementor-element-5ef111d elementor-widget elementor-widget-heading\" data-id=\"5ef111d\" data-element_type=\"widget\" data-e-type=\"widget\" data-widget_type=\"heading.default\">\n\t\t\t\t<div class=\"elementor-widget-container\">\n\t\t\t\t\t<h5 class=\"elementor-heading-title elementor-size-default\">Contato<\/h5>\t\t\t\t<\/div>\n\t\t\t\t<\/div>\n\t\t\t\t\t<\/div>\n\t\t<\/div>\n\t\t\t\t<div class=\"elementor-column elementor-col-50 elementor-top-column elementor-element elementor-element-174e6b3\" data-id=\"174e6b3\" data-element_type=\"column\" data-e-type=\"column\">\n\t\t\t<div class=\"elementor-widget-wrap elementor-element-populated\">\n\t\t\t\t\t\t<div class=\"elementor-element elementor-element-bd5589e elementor-widget elementor-widget-heading\" data-id=\"bd5589e\" data-element_type=\"widget\" data-e-type=\"widget\" data-widget_type=\"heading.default\">\n\t\t\t\t<div class=\"elementor-widget-container\">\n\t\t\t\t\t<h2 class=\"elementor-heading-title elementor-size-default\">Pronto? <\/h2>\t\t\t\t<\/div>\n\t\t\t\t<\/div>\n\t\t\t\t\t<\/div>\n\t\t<\/div>\n\t\t\t\t\t<\/div>\n\t\t<\/section>\n\t\t\t\t<section class=\"elementor-section elementor-top-section elementor-element elementor-element-1622953f elementor-section-boxed elementor-section-height-default elementor-section-height-default wpr-particle-no wpr-jarallax-no wpr-parallax-no wpr-sticky-section-no wpr-equal-height-no\" data-id=\"1622953f\" data-element_type=\"section\" data-e-type=\"section\">\n\t\t\t\t\t\t<div class=\"elementor-container elementor-column-gap-default\">\n\t\t\t\t\t<div class=\"elementor-column elementor-col-33 elementor-top-column elementor-element elementor-element-3438c3a0\" data-id=\"3438c3a0\" data-element_type=\"column\" data-e-type=\"column\">\n\t\t\t<div class=\"elementor-widget-wrap\">\n\t\t\t\t\t\t\t<\/div>\n\t\t<\/div>\n\t\t\t\t<div class=\"elementor-column elementor-col-33 elementor-top-column elementor-element elementor-element-8496bbd\" data-id=\"8496bbd\" data-element_type=\"column\" data-e-type=\"column\">\n\t\t\t<div class=\"elementor-widget-wrap elementor-element-populated\">\n\t\t\t\t\t\t<div class=\"elementor-element elementor-element-718b44a1 elementor-widget elementor-widget-heading\" data-id=\"718b44a1\" data-element_type=\"widget\" data-e-type=\"widget\" data-widget_type=\"heading.default\">\n\t\t\t\t<div class=\"elementor-widget-container\">\n\t\t\t\t\t<h3 class=\"elementor-heading-title elementor-size-default\"><span style=\"font-size: 1.88235rem\">Sua transforma\u00e7\u00e3o come\u00e7a aqui<\/span><span style=\"font-size: 1.88235rem;font-style: inherit\"><\/span><br><\/h3>\t\t\t\t<\/div>\n\t\t\t\t<\/div>\n\t\t\t\t<div class=\"elementor-element elementor-element-f14ad32 elementor-widget__width-initial elementor-widget elementor-widget-text-editor\" data-id=\"f14ad32\" data-element_type=\"widget\" data-e-type=\"widget\" data-widget_type=\"text-editor.default\">\n\t\t\t\t<div class=\"elementor-widget-container\">\n\t\t\t\t\t\t\t\t\t<p data-start=\"323\" data-end=\"501\" class=\"translation-block\">Se voc\u00ea busca uma <strong data-start=\"348\" data-end=\"370\">reformula\u00e7\u00e3o de marketing<\/strong>, uma <strong data-start=\"374\" data-end=\"402\">eleva\u00e7\u00e3o da marca pessoal<\/strong> ou <strong data-start=\"407\" data-end=\"427\">consultoria de imagem<\/strong>, o primeiro passo \u00e9 uma <strong data-start=\"457\" data-end=\"498\">sess\u00e3o estrat\u00e9gica de 1 hora (n\u00e3o reembols\u00e1vel)<\/strong>.<\/p><p data-start=\"503\" data-end=\"528\">Nesta sess\u00e3o, vamos abordar:<\/p><ul><li data-start=\"531\" data-end=\"579\">An\u00e1lise dos seus desafios e objetivos mais urgentes.<\/li><li data-start=\"582\" data-end=\"640\">Identificar oportunidades ocultas de crescimento e posicionamento.<\/li><li data-start=\"641\" data-end=\"699\"><p data-start=\"643\" data-end=\"699\">Definir os pr\u00f3ximos passos pr\u00e1ticos e personalizados para a sua jornada.<\/p><\/li><\/ul><p data-start=\"701\" data-end=\"1011\"><strong data-start=\"701\" data-end=\"722\">O que voc\u00ea vai ganhar:<\/strong><\/p><ul><li class=\"translation-block\">\u2705 Uma an\u00e1lise estrat\u00e9gica da sua <strong data-start=\"754\" data-end=\"815\">presen\u00e7a online, posicionamento de marca ou estrat\u00e9gia de marketing<\/strong><\/li><li>\u2705 Vis\u00e3o especializada sobre o que est\u00e1 funcionando, o que est\u00e1 limitando seu crescimento e as oportunidades que voc\u00ea pode estar ignorando.<\/li><li>\u2705 Um roteiro claro e pr\u00e1tico com os pr\u00f3ximos passos para avan\u00e7ar com confian\u00e7a.<\/li><\/ul><p data-start=\"1013\" data-end=\"1175\"><strong data-start=\"1013\" data-end=\"1028\">Investimento: <\/strong>\u20ac197 + VAT (non-refundable)<\/p><p data-start=\"1333\" data-end=\"1413\"><strong data-start=\"1333\" data-end=\"1411\">\ud83d\udc49 Agende j\u00e1 sua sess\u00e3o estrat\u00e9gica e comece sua transforma\u00e7\u00e3o!<\/strong><\/p>\t\t\t\t\t\t\t\t<\/div>\n\t\t\t\t<\/div>\n\t\t\t\t<div class=\"elementor-element elementor-element-76c75742 elementor-widget__width-initial elementor-widget-divider--view-line elementor-widget elementor-widget-divider\" data-id=\"76c75742\" data-element_type=\"widget\" data-e-type=\"widget\" data-widget_type=\"divider.default\">\n\t\t\t\t<div class=\"elementor-widget-container\">\n\t\t\t\t\t\t\t<div class=\"elementor-divider\">\n\t\t\t<span class=\"elementor-divider-separator\">\n\t\t\t\t\t\t<\/span>\n\t\t<\/div>\n\t\t\t\t\t\t<\/div>\n\t\t\t\t<\/div>\n\t\t\t\t\t<\/div>\n\t\t<\/div>\n\t\t\t\t<div class=\"elementor-column elementor-col-33 elementor-top-column elementor-element elementor-element-1ad46350\" data-id=\"1ad46350\" data-element_type=\"column\" data-e-type=\"column\">\n\t\t\t<div class=\"elementor-widget-wrap elementor-element-populated\">\n\t\t\t\t\t\t<div class=\"elementor-element elementor-element-00b42c7 elementor-widget elementor-widget-text-editor\" data-id=\"00b42c7\" data-element_type=\"widget\" data-e-type=\"widget\" data-widget_type=\"text-editor.default\">\n\t\t\t\t<div class=\"elementor-widget-container\">\n\t\t\t\t\t\t\t\t\t<p class=\"translation-block\">N\u00e3o tem certeza se sou a pessoa certa para te ajudar? <strong><a href=\"https:\/\/mktmakeover.com\/pt\/about-me\/\" target=\"_self\">Saiba mais sobre minha experi\u00eancia e qualifica\u00e7\u00f5es aqui.<\/a><\/strong><\/p>\t\t\t\t\t\t\t\t<\/div>\n\t\t\t\t<\/div>\n\t\t\t\t<div class=\"elementor-element elementor-element-9fa2230 elementor-widget__width-initial elementor-widget elementor-widget-html\" data-id=\"9fa2230\" data-element_type=\"widget\" data-e-type=\"widget\" data-widget_type=\"html.default\">\n\t\t\t\t<div class=\"elementor-widget-container\">\n\t\t\t\t\t<!-- Calendly inline widget begin -->\r\n<div class=\"calendly-inline-widget\" data-url=\"https:\/\/calendly.com\/mktmakeoverconsulting\/strategy-session?hide_event_type_details=1&hide_gdpr_banner=1\" style=\"min-width:320px;height:700px;\"><\/div>\r\n<script type=\"text\/javascript\" src=\"https:\/\/assets.calendly.com\/assets\/external\/widget.js\" async><\/script>\r\n<!-- Calendly inline widget end -->\t\t\t\t<\/div>\n\t\t\t\t<\/div>\n\t\t\t\t\t<\/div>\n\t\t<\/div>\n\t\t\t\t\t<\/div>\n\t\t<\/section>\n\t\t\t\t<\/div>","protected":false},"excerpt":{"rendered":"<p>Contact 01 Contact Ready? Your makeover starts here Whether you\u2019re seeking a marketing makeover, a personal brand elevation, or image consulting, the first step is a focused 1-hour Strategy Call (non-refundable). In this session, we\u2019ll: Unpack your most pressing challenges and goals Identify hidden opportunities for growth and positioning Outline actionable next steps tailored to your journey What you\u2019ll gain: \u2705 A strategic review of your online presence, brand positioning, or marketing strategy \u2705 Expert insight into what\u2019s working, what\u2019s limiting your growth, and the opportunities you may be overlooking \u2705 A clear, actionable roadmap with next steps to move forward with confidence Investment: \u20ac197 + VAT (non-refundable) \ud83d\udc49 Book your strategy session now and start your makeover! Not sure if I&#8217;m the right person to help you? Learn more about my experience and credentials here.<\/p>","protected":false},"author":1,"featured_media":2167,"parent":0,"menu_order":0,"comment_status":"closed","ping_status":"closed","template":"","meta":{"nf_dc_page":"","site-sidebar-layout":"no-sidebar","site-content-layout":"page-builder","ast-site-content-layout":"default","site-content-style":"default","site-sidebar-style":"default","ast-global-header-display":"","ast-banner-title-visibility":"","ast-main-header-display":"","ast-hfb-above-header-display":"","ast-hfb-below-header-display":"","ast-hfb-mobile-header-display":"","site-post-title":"disabled","ast-breadcrumbs-content":"disabled","ast-featured-img":"disabled","footer-sml-layout":"","ast-disable-related-posts":"","theme-transparent-header-meta":"enabled","adv-header-id-meta":"","stick-header-meta":"","header-above-stick-meta":"","header-main-stick-meta":"","header-below-stick-meta":"","astra-migrate-meta-layouts":"default","ast-page-background-enabled":"default","ast-page-background-meta":{"desktop":{"background-color":"","background-image":"","background-repeat":"repeat","background-position":"center center","background-size":"auto","background-attachment":"scroll","background-type":"","background-media":"","overlay-type":"","overlay-color":"","overlay-opacity":"","overlay-gradient":""},"tablet":{"background-color":"","background-image":"","background-repeat":"repeat","background-position":"center center","background-size":"auto","background-attachment":"scroll","background-type":"","background-media":"","overlay-type":"","overlay-color":"","overlay-opacity":"","overlay-gradient":""},"mobile":{"background-color":"","background-image":"","background-repeat":"repeat","background-position":"center center","background-size":"auto","background-attachment":"scroll","background-type":"","background-media":"","overlay-type":"","overlay-color":"","overlay-opacity":"","overlay-gradient":""}},"ast-content-background-meta":{"desktop":{"background-color":"var(--ast-global-color-5)","background-image":"","background-repeat":"repeat","background-position":"center center","background-size":"auto","background-attachment":"scroll","background-type":"","background-media":"","overlay-type":"","overlay-color":"","overlay-opacity":"","overlay-gradient":""},"tablet":{"background-color":"var(--ast-global-color-5)","background-image":"","background-repeat":"repeat","background-position":"center center","background-size":"auto","background-attachment":"scroll","background-type":"","background-media":"","overlay-type":"","overlay-color":"","overlay-opacity":"","overlay-gradient":""},"mobile":{"background-color":"var(--ast-global-color-5)","background-image":"","background-repeat":"repeat","background-position":"center center","background-size":"auto","background-attachment":"scroll","background-type":"","background-media":"","overlay-type":"","overlay-color":"","overlay-opacity":"","overlay-gradient":""}},"_joinchat":[],"footnotes":""},"class_list":["post-1695","page","type-page","status-publish","has-post-thumbnail","hentry"],"yoast_head":"<!-- This site is optimized with the Yoast SEO plugin v27.4 - https:\/\/yoast.com\/product\/yoast-seo-wordpress\/ -->\n<title>Contact - Marketing Makeover<\/title>\n<meta name=\"description\" content=\"Transform your brand with Marketing Makeover&#039;s 1-hour strategy sessions (\u20ac197). Book now to get tailored GTM, rebranding, and growth advice from 10+ years of expertise.\" \/>\n<meta name=\"robots\" content=\"index, follow, max-snippet:-1, max-image-preview:large, max-video-preview:-1\" \/>\n<link rel=\"canonical\" href=\"https:\/\/mktmakeover.com\/pt\/contact\/\" \/>\n<meta property=\"og:locale\" content=\"pt_BR\" \/>\n<meta property=\"og:type\" content=\"article\" \/>\n<meta property=\"og:title\" content=\"Contact - Marketing Makeover\" \/>\n<meta property=\"og:description\" content=\"Transform your brand with Marketing Makeover&#039;s 1-hour strategy sessions (\u20ac197). Book now to get tailored GTM, rebranding, and growth advice from 10+ years of expertise.\" \/>\n<meta property=\"og:url\" content=\"https:\/\/mktmakeover.com\/pt\/contact\/\" \/>\n<meta property=\"og:site_name\" content=\"Marketing Makeover\" \/>\n<meta property=\"article:modified_time\" content=\"2025-12-16T18:38:33+00:00\" \/>\n<meta property=\"og:image\" content=\"https:\/\/mktmakeover.com\/wp-content\/uploads\/2023\/04\/web-MarketingMakeover_4_edited.jpg\" \/>\n\t<meta property=\"og:image:width\" content=\"1568\" \/>\n\t<meta property=\"og:image:height\" content=\"1568\" \/>\n\t<meta property=\"og:image:type\" content=\"image\/jpeg\" \/>\n<meta name=\"twitter:card\" content=\"summary_large_image\" \/>\n<meta name=\"twitter:label1\" content=\"Est. tempo de leitura\" \/>\n\t<meta name=\"twitter:data1\" content=\"2 minutos\" \/>\n<script type=\"application\/ld+json\" class=\"yoast-schema-graph\">{\"@context\":\"https:\\\/\\\/schema.org\",\"@graph\":[{\"@type\":\"WebPage\",\"@id\":\"https:\\\/\\\/mktmakeover.com\\\/contact\\\/\",\"url\":\"https:\\\/\\\/mktmakeover.com\\\/contact\\\/\",\"name\":\"Contact - Marketing Makeover\",\"isPartOf\":{\"@id\":\"https:\\\/\\\/mktmakeover.com\\\/#website\"},\"primaryImageOfPage\":{\"@id\":\"https:\\\/\\\/mktmakeover.com\\\/contact\\\/#primaryimage\"},\"image\":{\"@id\":\"https:\\\/\\\/mktmakeover.com\\\/contact\\\/#primaryimage\"},\"thumbnailUrl\":\"https:\\\/\\\/i0.wp.com\\\/mktmakeover.com\\\/wp-content\\\/uploads\\\/2023\\\/04\\\/web-MarketingMakeover_4_edited.jpg?fit=1568%2C1568&ssl=1\",\"datePublished\":\"2020-10-29T12:56:01+00:00\",\"dateModified\":\"2025-12-16T18:38:33+00:00\",\"description\":\"Transform your brand with Marketing Makeover's 1-hour strategy sessions (\u20ac197). Book now to get tailored GTM, rebranding, and growth advice from 10+ years of expertise.\",\"breadcrumb\":{\"@id\":\"https:\\\/\\\/mktmakeover.com\\\/contact\\\/#breadcrumb\"},\"inLanguage\":\"pt-BR\",\"potentialAction\":[{\"@type\":\"ReadAction\",\"target\":[\"https:\\\/\\\/mktmakeover.com\\\/contact\\\/\"]}]},{\"@type\":\"ImageObject\",\"inLanguage\":\"pt-BR\",\"@id\":\"https:\\\/\\\/mktmakeover.com\\\/contact\\\/#primaryimage\",\"url\":\"https:\\\/\\\/i0.wp.com\\\/mktmakeover.com\\\/wp-content\\\/uploads\\\/2023\\\/04\\\/web-MarketingMakeover_4_edited.jpg?fit=1568%2C1568&ssl=1\",\"contentUrl\":\"https:\\\/\\\/i0.wp.com\\\/mktmakeover.com\\\/wp-content\\\/uploads\\\/2023\\\/04\\\/web-MarketingMakeover_4_edited.jpg?fit=1568%2C1568&ssl=1\",\"width\":1568,\"height\":1568},{\"@type\":\"BreadcrumbList\",\"@id\":\"https:\\\/\\\/mktmakeover.com\\\/contact\\\/#breadcrumb\",\"itemListElement\":[{\"@type\":\"ListItem\",\"position\":1,\"name\":\"Home\",\"item\":\"https:\\\/\\\/mktmakeover.com\\\/\"},{\"@type\":\"ListItem\",\"position\":2,\"name\":\"Contact\"}]},{\"@type\":\"WebSite\",\"@id\":\"https:\\\/\\\/mktmakeover.com\\\/#website\",\"url\":\"https:\\\/\\\/mktmakeover.com\\\/\",\"name\":\"Marketing Makeover - Marketing, Brand & Image Consultant\",\"description\":\"Make your brand work for you - Marketing, Brand &amp; Image Consultant\",\"publisher\":{\"@id\":\"https:\\\/\\\/mktmakeover.com\\\/#organization\"},\"alternateName\":\"Marketing Makeover\",\"potentialAction\":[{\"@type\":\"SearchAction\",\"target\":{\"@type\":\"EntryPoint\",\"urlTemplate\":\"https:\\\/\\\/mktmakeover.com\\\/?s={search_term_string}\"},\"query-input\":{\"@type\":\"PropertyValueSpecification\",\"valueRequired\":true,\"valueName\":\"search_term_string\"}}],\"inLanguage\":\"pt-BR\"},{\"@type\":\"Organization\",\"@id\":\"https:\\\/\\\/mktmakeover.com\\\/#organization\",\"name\":\"Marketing Makeover - Marketing, Brand & Image Consultant\",\"url\":\"https:\\\/\\\/mktmakeover.com\\\/\",\"logo\":{\"@type\":\"ImageObject\",\"inLanguage\":\"pt-BR\",\"@id\":\"https:\\\/\\\/mktmakeover.com\\\/#\\\/schema\\\/logo\\\/image\\\/\",\"url\":\"https:\\\/\\\/i0.wp.com\\\/mktmakeover.com\\\/wp-content\\\/uploads\\\/2023\\\/01\\\/cropped-Logo-stretched-NEW.png?fit=1500%2C500&ssl=1\",\"contentUrl\":\"https:\\\/\\\/i0.wp.com\\\/mktmakeover.com\\\/wp-content\\\/uploads\\\/2023\\\/01\\\/cropped-Logo-stretched-NEW.png?fit=1500%2C500&ssl=1\",\"width\":1500,\"height\":500,\"caption\":\"Marketing Makeover - Marketing, Brand & Image Consultant\"},\"image\":{\"@id\":\"https:\\\/\\\/mktmakeover.com\\\/#\\\/schema\\\/logo\\\/image\\\/\"},\"sameAs\":[\"https:\\\/\\\/www.instagram.com\\\/mkt.makeover\\\/\",\"https:\\\/\\\/www.linkedin.com\\\/company\\\/mktmakeover\\\/\"]}]}<\/script>\n<!-- \/ Yoast SEO plugin. -->","yoast_head_json":{"title":"Contact - Marketing Makeover","description":"Transform your brand with Marketing Makeover's 1-hour strategy sessions (\u20ac197). Book now to get tailored GTM, rebranding, and growth advice from 10+ years of expertise.","robots":{"index":"index","follow":"follow","max-snippet":"max-snippet:-1","max-image-preview":"max-image-preview:large","max-video-preview":"max-video-preview:-1"},"canonical":"https:\/\/mktmakeover.com\/pt\/contact\/","og_locale":"pt_BR","og_type":"article","og_title":"Contact - Marketing Makeover","og_description":"Transform your brand with Marketing Makeover's 1-hour strategy sessions (\u20ac197). Book now to get tailored GTM, rebranding, and growth advice from 10+ years of expertise.","og_url":"https:\/\/mktmakeover.com\/pt\/contact\/","og_site_name":"Marketing Makeover","article_modified_time":"2025-12-16T18:38:33+00:00","og_image":[{"width":1568,"height":1568,"url":"https:\/\/mktmakeover.com\/wp-content\/uploads\/2023\/04\/web-MarketingMakeover_4_edited.jpg","type":"image\/jpeg"}],"twitter_card":"summary_large_image","twitter_misc":{"Est. tempo de leitura":"2 minutos"},"schema":{"@context":"https:\/\/schema.org","@graph":[{"@type":"WebPage","@id":"https:\/\/mktmakeover.com\/contact\/","url":"https:\/\/mktmakeover.com\/contact\/","name":"Contact - Marketing Makeover","isPartOf":{"@id":"https:\/\/mktmakeover.com\/#website"},"primaryImageOfPage":{"@id":"https:\/\/mktmakeover.com\/contact\/#primaryimage"},"image":{"@id":"https:\/\/mktmakeover.com\/contact\/#primaryimage"},"thumbnailUrl":"https:\/\/i0.wp.com\/mktmakeover.com\/wp-content\/uploads\/2023\/04\/web-MarketingMakeover_4_edited.jpg?fit=1568%2C1568&ssl=1","datePublished":"2020-10-29T12:56:01+00:00","dateModified":"2025-12-16T18:38:33+00:00","description":"Transform your brand with Marketing Makeover's 1-hour strategy sessions (\u20ac197). Book now to get tailored GTM, rebranding, and growth advice from 10+ years of expertise.","breadcrumb":{"@id":"https:\/\/mktmakeover.com\/contact\/#breadcrumb"},"inLanguage":"pt-BR","potentialAction":[{"@type":"ReadAction","target":["https:\/\/mktmakeover.com\/contact\/"]}]},{"@type":"ImageObject","inLanguage":"pt-BR","@id":"https:\/\/mktmakeover.com\/contact\/#primaryimage","url":"https:\/\/i0.wp.com\/mktmakeover.com\/wp-content\/uploads\/2023\/04\/web-MarketingMakeover_4_edited.jpg?fit=1568%2C1568&ssl=1","contentUrl":"https:\/\/i0.wp.com\/mktmakeover.com\/wp-content\/uploads\/2023\/04\/web-MarketingMakeover_4_edited.jpg?fit=1568%2C1568&ssl=1","width":1568,"height":1568},{"@type":"BreadcrumbList","@id":"https:\/\/mktmakeover.com\/contact\/#breadcrumb","itemListElement":[{"@type":"ListItem","position":1,"name":"Home","item":"https:\/\/mktmakeover.com\/"},{"@type":"ListItem","position":2,"name":"Contact"}]},{"@type":"WebSite","@id":"https:\/\/mktmakeover.com\/#website","url":"https:\/\/mktmakeover.com\/","name":"Marketing Makeover - Marketing, Brand & Image Consultant","description":"Make your brand work for you - Marketing, Brand &amp; Image Consultant","publisher":{"@id":"https:\/\/mktmakeover.com\/#organization"},"alternateName":"Marketing Makeover","potentialAction":[{"@type":"SearchAction","target":{"@type":"EntryPoint","urlTemplate":"https:\/\/mktmakeover.com\/?s={search_term_string}"},"query-input":{"@type":"PropertyValueSpecification","valueRequired":true,"valueName":"search_term_string"}}],"inLanguage":"pt-BR"},{"@type":"Organization","@id":"https:\/\/mktmakeover.com\/#organization","name":"Marketing Makeover - Marketing, Brand & Image Consultant","url":"https:\/\/mktmakeover.com\/","logo":{"@type":"ImageObject","inLanguage":"pt-BR","@id":"https:\/\/mktmakeover.com\/#\/schema\/logo\/image\/","url":"https:\/\/i0.wp.com\/mktmakeover.com\/wp-content\/uploads\/2023\/01\/cropped-Logo-stretched-NEW.png?fit=1500%2C500&ssl=1","contentUrl":"https:\/\/i0.wp.com\/mktmakeover.com\/wp-content\/uploads\/2023\/01\/cropped-Logo-stretched-NEW.png?fit=1500%2C500&ssl=1","width":1500,"height":500,"caption":"Marketing Makeover - Marketing, Brand & Image Consultant"},"image":{"@id":"https:\/\/mktmakeover.com\/#\/schema\/logo\/image\/"},"sameAs":["https:\/\/www.instagram.com\/mkt.makeover\/","https:\/\/www.linkedin.com\/company\/mktmakeover\/"]}]}},"jetpack_sharing_enabled":true,"_links":{"self":[{"href":"https:\/\/mktmakeover.com\/pt\/wp-json\/wp\/v2\/pages\/1695","targetHints":{"allow":["GET"]}}],"collection":[{"href":"https:\/\/mktmakeover.com\/pt\/wp-json\/wp\/v2\/pages"}],"about":[{"href":"https:\/\/mktmakeover.com\/pt\/wp-json\/wp\/v2\/types\/page"}],"author":[{"embeddable":true,"href":"https:\/\/mktmakeover.com\/pt\/wp-json\/wp\/v2\/users\/1"}],"replies":[{"embeddable":true,"href":"https:\/\/mktmakeover.com\/pt\/wp-json\/wp\/v2\/comments?post=1695"}],"version-history":[{"count":5,"href":"https:\/\/mktmakeover.com\/pt\/wp-json\/wp\/v2\/pages\/1695\/revisions"}],"predecessor-version":[{"id":6681,"href":"https:\/\/mktmakeover.com\/pt\/wp-json\/wp\/v2\/pages\/1695\/revisions\/6681"}],"wp:featuredmedia":[{"embeddable":true,"href":"https:\/\/mktmakeover.com\/pt\/wp-json\/wp\/v2\/media\/2167"}],"wp:attachment":[{"href":"https:\/\/mktmakeover.com\/pt\/wp-json\/wp\/v2\/media?parent=1695"}],"curies":[{"name":"wp","href":"https:\/\/api.w.org\/{rel}","templated":true}]}}